{"id":3997,"date":"2023-01-04T09:58:02","date_gmt":"2023-01-04T14:58:02","guid":{"rendered":"https:\/\/aromesetsaveurs.ca\/?page_id=3997"},"modified":"2023-03-18T13:01:25","modified_gmt":"2023-03-18T17:01:25","slug":"les-jardins-en-lumieres","status":"publish","type":"page","link":"https:\/\/aromesetsaveurs.ca\/en\/les-jardins-en-lumieres\/","title":{"rendered":"Les Jardins en lumi\u00e8res"},"content":{"rendered":"\t\t<div data-elementor-type=\"wp-page\" data-elementor-id=\"3997\" class=\"elementor elementor-3997 elementor-3996\" data-elementor-post-type=\"page\">\n\t\t\t\t\t\t<section class=\"elementor-section elementor-top-section elementor-element elementor-element-3407c1a elementor-section-height-min-height elementor-section-stretched elementor-section-boxed elementor-section-height-default elementor-section-items-middle\" data-id=\"3407c1a\" data-element_type=\"section\" data-settings=\"{&quot;jet_parallax_layout_list&quot;:[{&quot;jet_parallax_layout_image&quot;:{&quot;url&quot;:&quot;&quot;,&quot;id&quot;:&quot;&quot;,&quot;size&quot;:&quot;&quot;},&quot;_id&quot;:&quot;cd9566b&quot;,&quot;jet_parallax_layout_image_tablet&quot;:{&quot;url&quot;:&quot;&quot;,&quot;id&quot;:&quot;&quot;,&quot;size&quot;:&quot;&quot;},&quot;jet_parallax_layout_image_mobile&quot;:{&quot;url&quot;:&quot;&quot;,&quot;id&quot;:&quot;&quot;,&quot;size&quot;:&quot;&quot;},&quot;jet_parallax_layout_speed&quot;:{&quot;unit&quot;:&quot;%&quot;,&quot;size&quot;:50,&quot;sizes&quot;:[]},&quot;jet_parallax_layout_type&quot;:&quot;scroll&quot;,&quot;jet_parallax_layout_direction&quot;:null,&quot;jet_parallax_layout_fx_direction&quot;:null,&quot;jet_parallax_layout_z_index&quot;:&quot;&quot;,&quot;jet_parallax_layout_bg_x&quot;:50,&quot;jet_parallax_layout_bg_x_tablet&quot;:&quot;&quot;,&quot;jet_parallax_layout_bg_x_mobile&quot;:&quot;&quot;,&quot;jet_parallax_layout_bg_y&quot;:50,&quot;jet_parallax_layout_bg_y_tablet&quot;:&quot;&quot;,&quot;jet_parallax_layout_bg_y_mobile&quot;:&quot;&quot;,&quot;jet_parallax_layout_bg_size&quot;:&quot;auto&quot;,&quot;jet_parallax_layout_bg_size_tablet&quot;:&quot;&quot;,&quot;jet_parallax_layout_bg_size_mobile&quot;:&quot;&quot;,&quot;jet_parallax_layout_animation_prop&quot;:&quot;transform&quot;,&quot;jet_parallax_layout_on&quot;:[&quot;desktop&quot;,&quot;tablet&quot;]}],&quot;stretch_section&quot;:&quot;section-stretched&quot;,&quot;background_background&quot;:&quot;classic&quot;}\">\n\t\t\t\t\t\t<div class=\"elementor-container elementor-column-gap-default\">\n\t\t\t\t\t<div class=\"elementor-column elementor-col-100 elementor-top-column elementor-element elementor-element-7e2d5ba\" data-id=\"7e2d5ba\" data-element_type=\"column\">\n\t\t\t<div class=\"elementor-widget-wrap elementor-element-populated\">\n\t\t\t\t\t\t<div class=\"elementor-element elementor-element-9fec86f elementor-widget elementor-widget-heading\" data-id=\"9fec86f\" data-element_type=\"widget\" data-widget_type=\"heading.default\">\n\t\t\t\t<div class=\"elementor-widget-container\">\n\t\t\t\t\t<h1 class=\"elementor-heading-title elementor-size-xxl\">LES JARDINS<\/h1>\t\t\t\t<\/div>\n\t\t\t\t<\/div>\n\t\t\t\t<div class=\"elementor-element elementor-element-63a7a35 elementor-widget elementor-widget-heading\" data-id=\"63a7a35\" data-element_type=\"widget\" data-widget_type=\"heading.default\">\n\t\t\t\t<div class=\"elementor-widget-container\">\n\t\t\t\t\t<h2 class=\"elementor-heading-title elementor-size-default\">- en lumi\u00e8res -<\/h2>\t\t\t\t<\/div>\n\t\t\t\t<\/div>\n\t\t\t\t\t<\/div>\n\t\t<\/div>\n\t\t\t\t\t<\/div>\n\t\t<\/section>\n\t\t\t\t<section class=\"elementor-section elementor-top-section elementor-element elementor-element-a084ac6 elementor-section-boxed elementor-section-height-default elementor-section-height-default\" data-id=\"a084ac6\" data-element_type=\"section\" data-settings=\"{&quot;jet_parallax_layout_list&quot;:[]}\">\n\t\t\t\t\t\t<div class=\"elementor-container elementor-column-gap-default\">\n\t\t\t\t\t<div class=\"elementor-column elementor-col-100 elementor-top-column elementor-element elementor-element-9ef515b\" data-id=\"9ef515b\" data-element_type=\"column\">\n\t\t\t<div class=\"elementor-widget-wrap elementor-element-populated\">\n\t\t\t\t\t\t<div class=\"elementor-element elementor-element-9c5e85a elementor-widget elementor-widget-spacer\" data-id=\"9c5e85a\" data-element_type=\"widget\" data-widget_type=\"spacer.default\">\n\t\t\t\t<div class=\"elementor-widget-container\">\n\t\t\t\t\t\t\t<div class=\"elementor-spacer\">\n\t\t\t<div class=\"elementor-spacer-inner\"><\/div>\n\t\t<\/div>\n\t\t\t\t\t\t<\/div>\n\t\t\t\t<\/div>\n\t\t\t\t<div class=\"elementor-element elementor-element-65cf517 elementor-widget elementor-widget-text-editor\" data-id=\"65cf517\" data-element_type=\"widget\" data-widget_type=\"text-editor.default\">\n\t\t\t\t<div class=\"elementor-widget-container\">\n\t\t\t\t\t\t\t\t\t<div class=\"newsTitle\"><h1 style=\"text-align: center;\">Thank you! We&#8217;ll see you again next winter!<\/h1><\/div>\t\t\t\t\t\t\t\t<\/div>\n\t\t\t\t<\/div>\n\t\t\t\t<div class=\"elementor-element elementor-element-0f8b373 elementor-widget elementor-widget-text-editor\" data-id=\"0f8b373\" data-element_type=\"widget\" data-widget_type=\"text-editor.default\">\n\t\t\t\t<div class=\"elementor-widget-container\">\n\t\t\t\t\t\t\t\t\t<h4 style=\"text-align: center;\">Rest assured, the second edition of Jardins en lumi\u00e8re will be back in force in November 2023.<\/h4>\t\t\t\t\t\t\t\t<\/div>\n\t\t\t\t<\/div>\n\t\t\t\t<div class=\"elementor-element elementor-element-c4c28ba elementor-cta--layout-image-above elementor-cta--valign-middle elementor-cta--skin-classic elementor-animated-content elementor-bg-transform elementor-bg-transform-zoom-in elementor-widget elementor-widget-call-to-action\" data-id=\"c4c28ba\" data-element_type=\"widget\" data-widget_type=\"call-to-action.default\">\n\t\t\t\t<div class=\"elementor-widget-container\">\n\t\t\t\t\t\t\t<a class=\"elementor-cta\" href=\"https:\/\/www.laction.com\/article\/2022\/11\/28\/les-jardins-aromes-et-saveurs-scintillent-pour-le-temps-des-fetes\">\n\t\t\t\t\t<div class=\"elementor-cta__bg-wrapper\">\n\t\t\t\t<div class=\"elementor-cta__bg elementor-bg\" style=\"background-image: url(https:\/\/aromesetsaveurs.ca\/wp-content\/uploads\/2023\/03\/JARDINS-EN-LUMIERE-BANNIERE.png);\" role=\"img\" aria-label=\"JARDINS EN LUMIERE BANNIERE\"><\/div>\n\t\t\t\t<div class=\"elementor-cta__bg-overlay\"><\/div>\n\t\t\t<\/div>\n\t\t\t\t\t\t\t<div class=\"elementor-cta__content\">\n\t\t\t\t\n\t\t\t\t\t\t\t\t\t<h2 class=\"elementor-cta__title elementor-cta__content-item elementor-content-item\">\n\t\t\t\t\t\tTHEY ARE TALKING ABOUT US IN THE JOURNAL DE ACTION!\t\t\t\t\t<\/h2>\n\t\t\t\t\n\t\t\t\t\t\t\t\t\t<div class=\"elementor-cta__description elementor-cta__content-item elementor-content-item\">\n\t\t\t\t\t\tThe Jardins Ar\u00f4mes et Saveurs sparkle for the Holidays!\n\nLet the magic of Christmas set in.\t\t\t\t\t<\/div>\n\t\t\t\t\n\t\t\t\t\t\t\t\t\t<div class=\"elementor-cta__button-wrapper elementor-cta__content-item elementor-content-item \">\n\t\t\t\t\t<span class=\"elementor-cta__button elementor-button elementor-size-\">\n\t\t\t\t\t\tAppuyez ici pour voir l'article\t\t\t\t\t<\/span>\n\t\t\t\t\t<\/div>\n\t\t\t\t\t\t\t<\/div>\n\t\t\t\t\t\t<\/a>\n\t\t\t\t\t\t<\/div>\n\t\t\t\t<\/div>\n\t\t\t\t<div class=\"elementor-element elementor-element-5ab188a elementor-widget elementor-widget-spacer\" data-id=\"5ab188a\" data-element_type=\"widget\" data-widget_type=\"spacer.default\">\n\t\t\t\t<div class=\"elementor-widget-container\">\n\t\t\t\t\t\t\t<div class=\"elementor-spacer\">\n\t\t\t<div class=\"elementor-spacer-inner\"><\/div>\n\t\t<\/div>\n\t\t\t\t\t\t<\/div>\n\t\t\t\t<\/div>\n\t\t\t\t<div class=\"elementor-element elementor-element-46fd60d elementor-widget elementor-widget-heading\" data-id=\"46fd60d\" data-element_type=\"widget\" data-widget_type=\"heading.default\">\n\t\t\t\t<div class=\"elementor-widget-container\">\n\t\t\t\t\t<h3 class=\"elementor-heading-title elementor-size-medium\">It's a whole new magic that sets in with the Jardins en lumi\u00e8re<\/h3>\t\t\t\t<\/div>\n\t\t\t\t<\/div>\n\t\t\t\t<div class=\"elementor-element elementor-element-1009475 elementor-widget elementor-widget-spacer\" data-id=\"1009475\" data-element_type=\"widget\" data-widget_type=\"spacer.default\">\n\t\t\t\t<div class=\"elementor-widget-container\">\n\t\t\t\t\t\t\t<div class=\"elementor-spacer\">\n\t\t\t<div class=\"elementor-spacer-inner\"><\/div>\n\t\t<\/div>\n\t\t\t\t\t\t<\/div>\n\t\t\t\t<\/div>\n\t\t\t\t<div class=\"elementor-element elementor-element-1f29df0 elementor-invisible elementor-widget elementor-widget-heading\" data-id=\"1f29df0\" data-element_type=\"widget\" data-settings=\"{&quot;_animation&quot;:&quot;flash&quot;}\" data-widget_type=\"heading.default\">\n\t\t\t\t<div class=\"elementor-widget-container\">\n\t\t\t\t\t<h2 class=\"elementor-heading-title elementor-size-default\">The lavender gardens light up!<\/h2>\t\t\t\t<\/div>\n\t\t\t\t<\/div>\n\t\t\t\t<div class=\"elementor-element elementor-element-74aaf06 elementor-widget elementor-widget-heading\" data-id=\"74aaf06\" data-element_type=\"widget\" data-widget_type=\"heading.default\">\n\t\t\t\t<div class=\"elementor-widget-container\">\n\t\t\t\t\t<h2 class=\"elementor-heading-title elementor-size-medium\">You are cordially invited to discover this novelty, inspired by the festive atmosphere of  Christmas Markets.\nSee us light up in winter and visit the gardens in a most magical atmosphere!\nFridays, Saturdays and Sundays from November 19 to December 30, 2022.<\/h2>\t\t\t\t<\/div>\n\t\t\t\t<\/div>\n\t\t\t\t<div class=\"elementor-element elementor-element-20bf354 elementor-widget elementor-widget-spacer\" data-id=\"20bf354\" data-element_type=\"widget\" data-widget_type=\"spacer.default\">\n\t\t\t\t<div class=\"elementor-widget-container\">\n\t\t\t\t\t\t\t<div class=\"elementor-spacer\">\n\t\t\t<div class=\"elementor-spacer-inner\"><\/div>\n\t\t<\/div>\n\t\t\t\t\t\t<\/div>\n\t\t\t\t<\/div>\n\t\t\t\t<div class=\"elementor-element elementor-element-4b8339c elementor-widget elementor-widget-heading\" data-id=\"4b8339c\" data-element_type=\"widget\" data-widget_type=\"heading.default\">\n\t\t\t\t<div class=\"elementor-widget-container\">\n\t\t\t\t\t<h2 class=\"elementor-heading-title elementor-size-medium\">Young and old, come and discover the illuminated lavender gardens! Walk in the torchlit paths in the evening, stroll in the forest and take part in our fun rally before darkness falls, when our paths have been visited by snow elves. Come and have fun, enjoy a good hot chocolate in the open air, then stop at the Fairy Tree to leave a wish.\nStart or end your visit in our boutique where the aromas and flavors of lavender and our fine herbs come together, picked with love right here in our Garden.<\/h2>\t\t\t\t<\/div>\n\t\t\t\t<\/div>\n\t\t\t\t<div class=\"elementor-element elementor-element-2fc2aa1 elementor-widget elementor-widget-spacer\" data-id=\"2fc2aa1\" data-element_type=\"widget\" data-widget_type=\"spacer.default\">\n\t\t\t\t<div class=\"elementor-widget-container\">\n\t\t\t\t\t\t\t<div class=\"elementor-spacer\">\n\t\t\t<div class=\"elementor-spacer-inner\"><\/div>\n\t\t<\/div>\n\t\t\t\t\t\t<\/div>\n\t\t\t\t<\/div>\n\t\t\t\t<div class=\"elementor-element elementor-element-bccc0ab elementor-widget elementor-widget-heading\" data-id=\"bccc0ab\" data-element_type=\"widget\" data-widget_type=\"heading.default\">\n\t\t\t\t<div class=\"elementor-widget-container\">\n\t\t\t\t\t<h2 class=\"elementor-heading-title elementor-size-default\"><a href=\"https:\/\/aromesetsaveurs.ca\/nous-joindre\/\">Finally, come and select your Christmas tree!<\/a><\/h2>\t\t\t\t<\/div>\n\t\t\t\t<\/div>\n\t\t\t\t<div class=\"elementor-element elementor-element-fc32ffd elementor-widget elementor-widget-image\" data-id=\"fc32ffd\" data-element_type=\"widget\" data-widget_type=\"image.default\">\n\t\t\t\t<div class=\"elementor-widget-container\">\n\t\t\t\t\t\t\t\t\t\t\t\t\t\t\t<img fetchpriority=\"high\" decoding=\"async\" width=\"1000\" height=\"1000\" src=\"https:\/\/aromesetsaveurs.ca\/wp-content\/uploads\/2022\/11\/Lumiere-et-arbre-.png\" class=\"attachment-large size-large wp-image-3788\" alt=\"\" srcset=\"https:\/\/aromesetsaveurs.ca\/wp-content\/uploads\/2022\/11\/Lumiere-et-arbre-.png 1000w, https:\/\/aromesetsaveurs.ca\/wp-content\/uploads\/2022\/11\/Lumiere-et-arbre--300x300.png 300w, https:\/\/aromesetsaveurs.ca\/wp-content\/uploads\/2022\/11\/Lumiere-et-arbre--150x150.png 150w, https:\/\/aromesetsaveurs.ca\/wp-content\/uploads\/2022\/11\/Lumiere-et-arbre--768x768.png 768w, https:\/\/aromesetsaveurs.ca\/wp-content\/uploads\/2022\/11\/Lumiere-et-arbre--500x500.png 500w, https:\/\/aromesetsaveurs.ca\/wp-content\/uploads\/2022\/11\/Lumiere-et-arbre--600x600.png 600w, https:\/\/aromesetsaveurs.ca\/wp-content\/uploads\/2022\/11\/Lumiere-et-arbre--100x100.png 100w, https:\/\/aromesetsaveurs.ca\/wp-content\/uploads\/2022\/11\/Lumiere-et-arbre--50x50.png 50w\" sizes=\"(max-width: 1000px) 100vw, 1000px\" \/>\t\t\t\t\t\t\t\t\t\t\t\t\t\t\t<\/div>\n\t\t\t\t<\/div>\n\t\t\t\t<div class=\"elementor-element elementor-element-1cde2c8 elementor-widget elementor-widget-heading\" data-id=\"1cde2c8\" data-element_type=\"widget\" data-widget_type=\"heading.default\">\n\t\t\t\t<div class=\"elementor-widget-container\">\n\t\t\t\t\t<h2 class=\"elementor-heading-title elementor-size-medium\">\u201cThe Ar\u00f4mes & Saveurs Gardens are the realization of a dream that I have imagined for a long time. Today, I dream of making you discover lavender in all seasons, after summer \u2013 here is the magic of winter and the Gardens in Lights. - Mrs. Dominique Majeau, president and founder of Les Jardins Ar\u00f4mes & Saveurs.<\/h2>\t\t\t\t<\/div>\n\t\t\t\t<\/div>\n\t\t\t\t<div class=\"elementor-element elementor-element-bcc8865 elementor-widget elementor-widget-spacer\" data-id=\"bcc8865\" data-element_type=\"widget\" data-widget_type=\"spacer.default\">\n\t\t\t\t<div class=\"elementor-widget-container\">\n\t\t\t\t\t\t\t<div class=\"elementor-spacer\">\n\t\t\t<div class=\"elementor-spacer-inner\"><\/div>\n\t\t<\/div>\n\t\t\t\t\t\t<\/div>\n\t\t\t\t<\/div>\n\t\t\t\t<div class=\"elementor-element elementor-element-aae1c8e elementor-widget elementor-widget-heading\" data-id=\"aae1c8e\" data-element_type=\"widget\" data-widget_type=\"heading.default\">\n\t\t\t\t<div class=\"elementor-widget-container\">\n\t\t\t\t\t<h2 class=\"elementor-heading-title elementor-size-medium\">The Jardins en lumi\u00e8re are accessible at a cost of $10 for ages 16 and up and free for children. Trees are on sale for $40. <br><br>The magic begins on November 19:\n<\/h2>\t\t\t\t<\/div>\n\t\t\t\t<\/div>\n\t\t\t\t<div class=\"elementor-element elementor-element-3892727 elementor-widget elementor-widget-spacer\" data-id=\"3892727\" data-element_type=\"widget\" data-widget_type=\"spacer.default\">\n\t\t\t\t<div class=\"elementor-widget-container\">\n\t\t\t\t\t\t\t<div class=\"elementor-spacer\">\n\t\t\t<div class=\"elementor-spacer-inner\"><\/div>\n\t\t<\/div>\n\t\t\t\t\t\t<\/div>\n\t\t\t\t<\/div>\n\t\t\t\t<div class=\"elementor-element elementor-element-a4fbcb3 elementor-widget elementor-widget-heading\" data-id=\"a4fbcb3\" data-element_type=\"widget\" data-widget_type=\"heading.default\">\n\t\t\t\t<div class=\"elementor-widget-container\">\n\t\t\t\t\t<h3 class=\"elementor-heading-title elementor-size-medium\">-\tFriday and Saturdays from 13h to 20h\n\n<\/h3>\t\t\t\t<\/div>\n\t\t\t\t<\/div>\n\t\t\t\t<div class=\"elementor-element elementor-element-8999fab elementor-widget elementor-widget-heading\" data-id=\"8999fab\" data-element_type=\"widget\" data-widget_type=\"heading.default\">\n\t\t\t\t<div class=\"elementor-widget-container\">\n\t\t\t\t\t<h3 class=\"elementor-heading-title elementor-size-medium\">-\tSundays from 13h to 17h<\/h3>\t\t\t\t<\/div>\n\t\t\t\t<\/div>\n\t\t\t\t<div class=\"elementor-element elementor-element-9e525f3 elementor-widget elementor-widget-heading\" data-id=\"9e525f3\" data-element_type=\"widget\" data-widget_type=\"heading.default\">\n\t\t\t\t<div class=\"elementor-widget-container\">\n\t\t\t\t\t<h3 class=\"elementor-heading-title elementor-size-medium\">- Special schedule for December 21, 22, from 1 pm to 5 pm, December 23 from 1 pm to 8 pm<br>and for December 27, 28, 29 and 30 from 1 pm to 8 pm.\n<\/h3>\t\t\t\t<\/div>\n\t\t\t\t<\/div>\n\t\t\t\t<div class=\"elementor-element elementor-element-3bd706b elementor-widget-divider--view-line elementor-widget elementor-widget-divider\" data-id=\"3bd706b\" data-element_type=\"widget\" data-widget_type=\"divider.default\">\n\t\t\t\t<div class=\"elementor-widget-container\">\n\t\t\t\t\t\t\t<div class=\"elementor-divider\">\n\t\t\t<span class=\"elementor-divider-separator\">\n\t\t\t\t\t\t<\/span>\n\t\t<\/div>\n\t\t\t\t\t\t<\/div>\n\t\t\t\t<\/div>\n\t\t\t\t\t<\/div>\n\t\t<\/div>\n\t\t\t\t\t<\/div>\n\t\t<\/section>\n\t\t\t\t<\/div>\n\t\t","protected":false},"excerpt":{"rendered":"<p>LES JARDINS &#8211; en lumi\u00e8res &#8211; Thank you! We&#8217;ll see you again next winter! Rest assured, the second edition of Jardins en lumi\u00e8re will be back in force in November 2023. THEY ARE TALKING ABOUT US IN THE JOURNAL DE ACTION! The Jardins Ar\u00f4mes et Saveurs sparkle for the Holidays! Let the magic of Christmas [&hellip;]<\/p>\n","protected":false},"author":7,"featured_media":0,"parent":0,"menu_order":0,"comment_status":"closed","ping_status":"closed","template":"","meta":{"_acf_changed":false,"footnotes":""},"class_list":["post-3997","page","type-page","status-publish","hentry"],"acf":[],"yoast_head":"<!-- This site is optimized with the Yoast SEO plugin v25.0 - https:\/\/yoast.com\/wordpress\/plugins\/seo\/ -->\n<title>Les Jardins en lumi\u00e8res - Les Jardins de Lavande Ar\u00f4mes et Saveurs<\/title>\n<meta name=\"robots\" content=\"index, follow, max-snippet:-1, max-image-preview:large, max-video-preview:-1\" \/>\n<link rel=\"canonical\" href=\"https:\/\/aromesetsaveurs.ca\/en\/les-jardins-en-lumieres\/\" \/>\n<meta property=\"og:locale\" content=\"en_US\" \/>\n<meta property=\"og:type\" content=\"article\" \/>\n<meta property=\"og:title\" content=\"Les Jardins en lumi\u00e8res - Les Jardins de Lavande Ar\u00f4mes et Saveurs\" \/>\n<meta property=\"og:description\" content=\"LES JARDINS &#8211; en lumi\u00e8res &#8211; Thank you! We&#8217;ll see you again next winter! Rest assured, the second edition of Jardins en lumi\u00e8re will be back in force in November 2023. THEY ARE TALKING ABOUT US IN THE JOURNAL DE ACTION! The Jardins Ar\u00f4mes et Saveurs sparkle for the Holidays! Let the magic of Christmas [&hellip;]\" \/>\n<meta property=\"og:url\" content=\"https:\/\/aromesetsaveurs.ca\/en\/les-jardins-en-lumieres\/\" \/>\n<meta property=\"og:site_name\" content=\"Les Jardins de Lavande Ar\u00f4mes et Saveurs\" \/>\n<meta property=\"article:modified_time\" content=\"2023-03-18T17:01:25+00:00\" \/>\n<meta property=\"og:image\" content=\"https:\/\/aromesetsaveurs.ca\/wp-content\/uploads\/2022\/11\/Lumiere-et-arbre-.png\" \/>\n<meta name=\"twitter:card\" content=\"summary_large_image\" \/>\n<meta name=\"twitter:label1\" content=\"Est. reading time\" \/>\n\t<meta name=\"twitter:data1\" content=\"2 minutes\" \/>\n<script type=\"application\/ld+json\" class=\"yoast-schema-graph\">{\"@context\":\"https:\/\/schema.org\",\"@graph\":[{\"@type\":\"WebPage\",\"@id\":\"https:\/\/aromesetsaveurs.ca\/en\/les-jardins-en-lumieres\/\",\"url\":\"https:\/\/aromesetsaveurs.ca\/en\/les-jardins-en-lumieres\/\",\"name\":\"Les Jardins en lumi\u00e8res - Les Jardins de Lavande Ar\u00f4mes et Saveurs\",\"isPartOf\":{\"@id\":\"https:\/\/aromesetsaveurs.ca\/en\/#website\"},\"primaryImageOfPage\":{\"@id\":\"https:\/\/aromesetsaveurs.ca\/en\/les-jardins-en-lumieres\/#primaryimage\"},\"image\":{\"@id\":\"https:\/\/aromesetsaveurs.ca\/en\/les-jardins-en-lumieres\/#primaryimage\"},\"thumbnailUrl\":\"https:\/\/aromesetsaveurs.ca\/wp-content\/uploads\/2022\/11\/Lumiere-et-arbre-.png\",\"datePublished\":\"2023-01-04T14:58:02+00:00\",\"dateModified\":\"2023-03-18T17:01:25+00:00\",\"breadcrumb\":{\"@id\":\"https:\/\/aromesetsaveurs.ca\/en\/les-jardins-en-lumieres\/#breadcrumb\"},\"inLanguage\":\"en-US\",\"potentialAction\":[{\"@type\":\"ReadAction\",\"target\":[\"https:\/\/aromesetsaveurs.ca\/en\/les-jardins-en-lumieres\/\"]}]},{\"@type\":\"ImageObject\",\"inLanguage\":\"en-US\",\"@id\":\"https:\/\/aromesetsaveurs.ca\/en\/les-jardins-en-lumieres\/#primaryimage\",\"url\":\"https:\/\/aromesetsaveurs.ca\/wp-content\/uploads\/2022\/11\/Lumiere-et-arbre-.png\",\"contentUrl\":\"https:\/\/aromesetsaveurs.ca\/wp-content\/uploads\/2022\/11\/Lumiere-et-arbre-.png\"},{\"@type\":\"BreadcrumbList\",\"@id\":\"https:\/\/aromesetsaveurs.ca\/en\/les-jardins-en-lumieres\/#breadcrumb\",\"itemListElement\":[{\"@type\":\"ListItem\",\"position\":1,\"name\":\"Home\",\"item\":\"https:\/\/aromesetsaveurs.ca\/en\/\"},{\"@type\":\"ListItem\",\"position\":2,\"name\":\"Les Jardins en lumi\u00e8res\"}]},{\"@type\":\"WebSite\",\"@id\":\"https:\/\/aromesetsaveurs.ca\/en\/#website\",\"url\":\"https:\/\/aromesetsaveurs.ca\/en\/\",\"name\":\"Les Jardins de Lavande Ar\u00f4mes et Saveurs\",\"description\":\"Lavande et fines herbes\",\"potentialAction\":[{\"@type\":\"SearchAction\",\"target\":{\"@type\":\"EntryPoint\",\"urlTemplate\":\"https:\/\/aromesetsaveurs.ca\/en\/?s={search_term_string}\"},\"query-input\":{\"@type\":\"PropertyValueSpecification\",\"valueRequired\":true,\"valueName\":\"search_term_string\"}}],\"inLanguage\":\"en-US\"}]}<\/script>\n<!-- \/ Yoast SEO plugin. -->","yoast_head_json":{"title":"Les Jardins en lumi\u00e8res - Les Jardins de Lavande Ar\u00f4mes et Saveurs","robots":{"index":"index","follow":"follow","max-snippet":"max-snippet:-1","max-image-preview":"max-image-preview:large","max-video-preview":"max-video-preview:-1"},"canonical":"https:\/\/aromesetsaveurs.ca\/en\/les-jardins-en-lumieres\/","og_locale":"en_US","og_type":"article","og_title":"Les Jardins en lumi\u00e8res - Les Jardins de Lavande Ar\u00f4mes et Saveurs","og_description":"LES JARDINS &#8211; en lumi\u00e8res &#8211; Thank you! We&#8217;ll see you again next winter! Rest assured, the second edition of Jardins en lumi\u00e8re will be back in force in November 2023. THEY ARE TALKING ABOUT US IN THE JOURNAL DE ACTION! The Jardins Ar\u00f4mes et Saveurs sparkle for the Holidays! Let the magic of Christmas [&hellip;]","og_url":"https:\/\/aromesetsaveurs.ca\/en\/les-jardins-en-lumieres\/","og_site_name":"Les Jardins de Lavande Ar\u00f4mes et Saveurs","article_modified_time":"2023-03-18T17:01:25+00:00","og_image":[{"url":"https:\/\/aromesetsaveurs.ca\/wp-content\/uploads\/2022\/11\/Lumiere-et-arbre-.png","type":"","width":"","height":""}],"twitter_card":"summary_large_image","twitter_misc":{"Est. reading time":"2 minutes"},"schema":{"@context":"https:\/\/schema.org","@graph":[{"@type":"WebPage","@id":"https:\/\/aromesetsaveurs.ca\/en\/les-jardins-en-lumieres\/","url":"https:\/\/aromesetsaveurs.ca\/en\/les-jardins-en-lumieres\/","name":"Les Jardins en lumi\u00e8res - Les Jardins de Lavande Ar\u00f4mes et Saveurs","isPartOf":{"@id":"https:\/\/aromesetsaveurs.ca\/en\/#website"},"primaryImageOfPage":{"@id":"https:\/\/aromesetsaveurs.ca\/en\/les-jardins-en-lumieres\/#primaryimage"},"image":{"@id":"https:\/\/aromesetsaveurs.ca\/en\/les-jardins-en-lumieres\/#primaryimage"},"thumbnailUrl":"https:\/\/aromesetsaveurs.ca\/wp-content\/uploads\/2022\/11\/Lumiere-et-arbre-.png","datePublished":"2023-01-04T14:58:02+00:00","dateModified":"2023-03-18T17:01:25+00:00","breadcrumb":{"@id":"https:\/\/aromesetsaveurs.ca\/en\/les-jardins-en-lumieres\/#breadcrumb"},"inLanguage":"en-US","potentialAction":[{"@type":"ReadAction","target":["https:\/\/aromesetsaveurs.ca\/en\/les-jardins-en-lumieres\/"]}]},{"@type":"ImageObject","inLanguage":"en-US","@id":"https:\/\/aromesetsaveurs.ca\/en\/les-jardins-en-lumieres\/#primaryimage","url":"https:\/\/aromesetsaveurs.ca\/wp-content\/uploads\/2022\/11\/Lumiere-et-arbre-.png","contentUrl":"https:\/\/aromesetsaveurs.ca\/wp-content\/uploads\/2022\/11\/Lumiere-et-arbre-.png"},{"@type":"BreadcrumbList","@id":"https:\/\/aromesetsaveurs.ca\/en\/les-jardins-en-lumieres\/#breadcrumb","itemListElement":[{"@type":"ListItem","position":1,"name":"Home","item":"https:\/\/aromesetsaveurs.ca\/en\/"},{"@type":"ListItem","position":2,"name":"Les Jardins en lumi\u00e8res"}]},{"@type":"WebSite","@id":"https:\/\/aromesetsaveurs.ca\/en\/#website","url":"https:\/\/aromesetsaveurs.ca\/en\/","name":"Les Jardins de Lavande Ar\u00f4mes et Saveurs","description":"Lavande et fines herbes","potentialAction":[{"@type":"SearchAction","target":{"@type":"EntryPoint","urlTemplate":"https:\/\/aromesetsaveurs.ca\/en\/?s={search_term_string}"},"query-input":{"@type":"PropertyValueSpecification","valueRequired":true,"valueName":"search_term_string"}}],"inLanguage":"en-US"}]}},"_links":{"self":[{"href":"https:\/\/aromesetsaveurs.ca\/en\/wp-json\/wp\/v2\/pages\/3997","targetHints":{"allow":["GET"]}}],"collection":[{"href":"https:\/\/aromesetsaveurs.ca\/en\/wp-json\/wp\/v2\/pages"}],"about":[{"href":"https:\/\/aromesetsaveurs.ca\/en\/wp-json\/wp\/v2\/types\/page"}],"author":[{"embeddable":true,"href":"https:\/\/aromesetsaveurs.ca\/en\/wp-json\/wp\/v2\/users\/7"}],"replies":[{"embeddable":true,"href":"https:\/\/aromesetsaveurs.ca\/en\/wp-json\/wp\/v2\/comments?post=3997"}],"version-history":[{"count":15,"href":"https:\/\/aromesetsaveurs.ca\/en\/wp-json\/wp\/v2\/pages\/3997\/revisions"}],"predecessor-version":[{"id":4595,"href":"https:\/\/aromesetsaveurs.ca\/en\/wp-json\/wp\/v2\/pages\/3997\/revisions\/4595"}],"wp:attachment":[{"href":"https:\/\/aromesetsaveurs.ca\/en\/wp-json\/wp\/v2\/media?parent=3997"}],"curies":[{"name":"wp","href":"https:\/\/api.w.org\/{rel}","templated":true}]}}