{"id":4502,"date":"2023-02-23T15:51:41","date_gmt":"2023-02-23T20:51:41","guid":{"rendered":"https:\/\/aromesetsaveurs.ca\/?page_id=4502"},"modified":"2025-06-09T18:20:51","modified_gmt":"2025-06-09T22:20:51","slug":"pique-niques","status":"publish","type":"page","link":"https:\/\/aromesetsaveurs.ca\/en\/pique-niques\/","title":{"rendered":"Pique-niques"},"content":{"rendered":"\t\t<div data-elementor-type=\"wp-page\" data-elementor-id=\"4502\" class=\"elementor elementor-4502 elementor-4199\" data-elementor-post-type=\"page\">\n\t\t\t\t\t\t<section class=\"elementor-section elementor-top-section elementor-element elementor-element-3cd12d5 elementor-section-height-min-height elementor-section-stretched elementor-section-boxed elementor-section-height-default elementor-section-items-middle\" data-id=\"3cd12d5\" data-element_type=\"section\" data-settings=\"{&quot;stretch_section&quot;:&quot;section-stretched&quot;,&quot;jet_parallax_layout_list&quot;:[{&quot;_id&quot;:&quot;75ccb72&quot;,&quot;jet_parallax_layout_image&quot;:{&quot;url&quot;:&quot;&quot;,&quot;id&quot;:&quot;&quot;,&quot;size&quot;:&quot;&quot;},&quot;jet_parallax_layout_image_tablet&quot;:{&quot;url&quot;:&quot;&quot;,&quot;id&quot;:&quot;&quot;,&quot;size&quot;:&quot;&quot;},&quot;jet_parallax_layout_image_mobile&quot;:{&quot;url&quot;:&quot;&quot;,&quot;id&quot;:&quot;&quot;,&quot;size&quot;:&quot;&quot;},&quot;jet_parallax_layout_speed&quot;:{&quot;unit&quot;:&quot;%&quot;,&quot;size&quot;:50,&quot;sizes&quot;:[]},&quot;jet_parallax_layout_type&quot;:&quot;scroll&quot;,&quot;jet_parallax_layout_direction&quot;:null,&quot;jet_parallax_layout_fx_direction&quot;:null,&quot;jet_parallax_layout_z_index&quot;:&quot;&quot;,&quot;jet_parallax_layout_bg_x&quot;:50,&quot;jet_parallax_layout_bg_x_tablet&quot;:&quot;&quot;,&quot;jet_parallax_layout_bg_x_mobile&quot;:&quot;&quot;,&quot;jet_parallax_layout_bg_y&quot;:50,&quot;jet_parallax_layout_bg_y_tablet&quot;:&quot;&quot;,&quot;jet_parallax_layout_bg_y_mobile&quot;:&quot;&quot;,&quot;jet_parallax_layout_bg_size&quot;:&quot;auto&quot;,&quot;jet_parallax_layout_bg_size_tablet&quot;:&quot;&quot;,&quot;jet_parallax_layout_bg_size_mobile&quot;:&quot;&quot;,&quot;jet_parallax_layout_animation_prop&quot;:&quot;transform&quot;,&quot;jet_parallax_layout_on&quot;:[&quot;desktop&quot;,&quot;tablet&quot;]}],&quot;background_background&quot;:&quot;classic&quot;}\">\n\t\t\t\t\t\t\t<div class=\"elementor-background-overlay\"><\/div>\n\t\t\t\t\t\t\t<div class=\"elementor-container elementor-column-gap-default\">\n\t\t\t\t\t<div class=\"elementor-column elementor-col-100 elementor-top-column elementor-element elementor-element-4c6e1cc\" data-id=\"4c6e1cc\" data-element_type=\"column\" data-settings=\"{&quot;background_background&quot;:&quot;classic&quot;}\">\n\t\t\t<div class=\"elementor-widget-wrap elementor-element-populated\">\n\t\t\t\t\t\t<div class=\"elementor-element elementor-element-b7368d7 elementor-widget-mobile__width-inherit elementor-invisible elementor-widget elementor-widget-heading\" data-id=\"b7368d7\" data-element_type=\"widget\" data-settings=\"{&quot;_animation&quot;:&quot;fadeIn&quot;}\" data-widget_type=\"heading.default\">\n\t\t\t\t<div class=\"elementor-widget-container\">\n\t\t\t\t\t<h3 class=\"elementor-heading-title elementor-size-large\">Pique-nique Champ\u00eatre<\/h3>\t\t\t\t<\/div>\n\t\t\t\t<\/div>\n\t\t\t\t\t<\/div>\n\t\t<\/div>\n\t\t\t\t\t<\/div>\n\t\t<\/section>\n\t\t\t\t<section class=\"elementor-section elementor-top-section elementor-element elementor-element-39756c6 elementor-section-boxed elementor-section-height-default elementor-section-height-default\" data-id=\"39756c6\" data-element_type=\"section\" data-settings=\"{&quot;jet_parallax_layout_list&quot;:[]}\">\n\t\t\t\t\t\t<div class=\"elementor-container elementor-column-gap-default\">\n\t\t\t\t\t<div class=\"elementor-column elementor-col-100 elementor-top-column elementor-element elementor-element-4ed6575\" data-id=\"4ed6575\" data-element_type=\"column\">\n\t\t\t<div class=\"elementor-widget-wrap elementor-element-populated\">\n\t\t\t\t\t\t<div class=\"elementor-element elementor-element-61a14d1 elementor-widget elementor-widget-text-editor\" data-id=\"61a14d1\" data-element_type=\"widget\" data-widget_type=\"text-editor.default\">\n\t\t\t\t<div class=\"elementor-widget-container\">\n\t\t\t\t\t\t\t\t\t<h5>&nbsp;<\/h5>\n<h5>&nbsp;<\/h5>\n<h5 style=\"text-align: center\"><em><strong>Un pique-nique dans nos champs de lavande&#8230;<\/strong><\/em><\/h5>\n<p style=\"text-align: center\">Dans un cadre enchanteur et bucolique, profitez d&#8217;une exp\u00e9rience culinaire unique, concoct\u00e9e en collaboration avec l&#8217;Auberge Ma Maison \u00e0 partir de nos produits.<\/p>\n<p>Que ce soit pour souligner un anniversaire, un \u00e9v\u00e9nement, passer du temps entre amis, en couple ou en famille, on s&#8217;y laisse porter par la brise, bercer par la lavande en fleur et on se d\u00e9lecte d&#8217;un menu champ\u00eatre, en plein air.<\/p>\n<p style=\"text-align: center\"><strong>R\u00e9servez d\u00e8s maintenant!&nbsp;<\/strong><br>Pique-niques offerts \u00e0 partir du samedi 14 juin 2025<\/p>\n<p style=\"text-align: center\"><strong><em style=\"color: inherit;font-family: inherit;font-size: 1rem\">Pour les r\u00e9servations de groupe, n&#8217;h\u00e9sitez pas \u00e0&nbsp;<\/em><em style=\"color: inherit;font-family: inherit;font-size: 1rem\">nous contacter!<\/em><\/strong><\/p>\t\t\t\t\t\t\t\t<\/div>\n\t\t\t\t<\/div>\n\t\t\t\t\t<\/div>\n\t\t<\/div>\n\t\t\t\t\t<\/div>\n\t\t<\/section>\n\t\t\t\t<section class=\"elementor-section elementor-top-section elementor-element elementor-element-fc77564 elementor-section-boxed elementor-section-height-default elementor-section-height-default\" data-id=\"fc77564\" data-element_type=\"section\" data-settings=\"{&quot;jet_parallax_layout_list&quot;:[]}\">\n\t\t\t\t\t\t<div class=\"elementor-container elementor-column-gap-default\">\n\t\t\t\t\t<div class=\"elementor-column elementor-col-100 elementor-top-column elementor-element elementor-element-7163b64\" data-id=\"7163b64\" data-element_type=\"column\">\n\t\t\t<div class=\"elementor-widget-wrap elementor-element-populated\">\n\t\t\t\t\t\t<div class=\"elementor-element elementor-element-58f8c25 elementor-cta--layout-image-above elementor-cta--skin-classic elementor-animated-content elementor-bg-transform elementor-bg-transform-zoom-in elementor-widget elementor-widget-call-to-action\" data-id=\"58f8c25\" data-element_type=\"widget\" data-widget_type=\"call-to-action.default\">\n\t\t\t\t<div class=\"elementor-widget-container\">\n\t\t\t\t\t\t\t<a class=\"elementor-cta\" href=\"https:\/\/aromesetsaveurs.ca\/produit\/pique-nique-champetre\/\">\n\t\t\t\t\t<div class=\"elementor-cta__bg-wrapper\">\n\t\t\t\t<div class=\"elementor-cta__bg elementor-bg\" style=\"background-image: url(https:\/\/aromesetsaveurs.ca\/wp-content\/uploads\/2024\/02\/0C2A2D68-D3E4-40F1-ABBC-9367258FDD3E-1024x683.jpeg);\" role=\"img\" aria-label=\"0C2A2D68-D3E4-40F1-ABBC-9367258FDD3E\"><\/div>\n\t\t\t\t<div class=\"elementor-cta__bg-overlay\"><\/div>\n\t\t\t<\/div>\n\t\t\t\t\t\t\t<div class=\"elementor-cta__content\">\n\t\t\t\t\n\t\t\t\t\t\t\t\t\t<h2 class=\"elementor-cta__title elementor-cta__content-item elementor-content-item\">\n\t\t\t\t\t\tNouveau menu champ\u00eatre!\t\t\t\t\t<\/h2>\n\t\t\t\t\n\t\t\t\t\n\t\t\t\t\t\t\t\t\t<div class=\"elementor-cta__button-wrapper elementor-cta__content-item elementor-content-item \">\n\t\t\t\t\t<span class=\"elementor-cta__button elementor-button elementor-size-\">\n\t\t\t\t\t\tD\u00e9tails et r\u00e9servation\t\t\t\t\t<\/span>\n\t\t\t\t\t<\/div>\n\t\t\t\t\t\t\t<\/div>\n\t\t\t\t\t\t<\/a>\n\t\t\t\t\t\t<\/div>\n\t\t\t\t<\/div>\n\t\t\t\t\t<\/div>\n\t\t<\/div>\n\t\t\t\t\t<\/div>\n\t\t<\/section>\n\t\t\t\t<\/div>\n\t\t","protected":false},"excerpt":{"rendered":"<p>Pique-nique Champ\u00eatre &nbsp; &nbsp; Un pique-nique dans nos champs de lavande&#8230; Dans un cadre enchanteur et bucolique, profitez d&#8217;une exp\u00e9rience culinaire unique, concoct\u00e9e en collaboration avec l&#8217;Auberge Ma Maison \u00e0 partir de nos produits. Que ce soit pour souligner un anniversaire, un \u00e9v\u00e9nement, passer du temps entre amis, en couple ou en famille, on s&#8217;y [&hellip;]<\/p>\n","protected":false},"author":7,"featured_media":0,"parent":0,"menu_order":0,"comment_status":"closed","ping_status":"closed","template":"","meta":{"_acf_changed":false,"footnotes":""},"class_list":["post-4502","page","type-page","status-publish","hentry"],"acf":[],"yoast_head":"<!-- This site is optimized with the Yoast SEO plugin v25.0 - https:\/\/yoast.com\/wordpress\/plugins\/seo\/ -->\n<title>Pique-niques - Les Jardins de Lavande Ar\u00f4mes et Saveurs<\/title>\n<meta name=\"robots\" content=\"index, follow, max-snippet:-1, max-image-preview:large, max-video-preview:-1\" \/>\n<link rel=\"canonical\" href=\"https:\/\/aromesetsaveurs.ca\/en\/pique-niques\/\" \/>\n<meta property=\"og:locale\" content=\"en_US\" \/>\n<meta property=\"og:type\" content=\"article\" \/>\n<meta property=\"og:title\" content=\"Pique-niques - Les Jardins de Lavande Ar\u00f4mes et Saveurs\" \/>\n<meta property=\"og:description\" content=\"Pique-nique Champ\u00eatre &nbsp; &nbsp; Un pique-nique dans nos champs de lavande&#8230; Dans un cadre enchanteur et bucolique, profitez d&#8217;une exp\u00e9rience culinaire unique, concoct\u00e9e en collaboration avec l&#8217;Auberge Ma Maison \u00e0 partir de nos produits. Que ce soit pour souligner un anniversaire, un \u00e9v\u00e9nement, passer du temps entre amis, en couple ou en famille, on s&#8217;y [&hellip;]\" \/>\n<meta property=\"og:url\" content=\"https:\/\/aromesetsaveurs.ca\/en\/pique-niques\/\" \/>\n<meta property=\"og:site_name\" content=\"Les Jardins de Lavande Ar\u00f4mes et Saveurs\" \/>\n<meta property=\"article:modified_time\" content=\"2025-06-09T22:20:51+00:00\" \/>\n<meta name=\"twitter:card\" content=\"summary_large_image\" \/>\n<meta name=\"twitter:label1\" content=\"Est. reading time\" \/>\n\t<meta name=\"twitter:data1\" content=\"1 minute\" \/>\n<script type=\"application\/ld+json\" class=\"yoast-schema-graph\">{\"@context\":\"https:\/\/schema.org\",\"@graph\":[{\"@type\":\"WebPage\",\"@id\":\"https:\/\/aromesetsaveurs.ca\/en\/pique-niques\/\",\"url\":\"https:\/\/aromesetsaveurs.ca\/en\/pique-niques\/\",\"name\":\"Pique-niques - Les Jardins de Lavande Ar\u00f4mes et Saveurs\",\"isPartOf\":{\"@id\":\"https:\/\/aromesetsaveurs.ca\/en\/#website\"},\"datePublished\":\"2023-02-23T20:51:41+00:00\",\"dateModified\":\"2025-06-09T22:20:51+00:00\",\"breadcrumb\":{\"@id\":\"https:\/\/aromesetsaveurs.ca\/en\/pique-niques\/#breadcrumb\"},\"inLanguage\":\"en-US\",\"potentialAction\":[{\"@type\":\"ReadAction\",\"target\":[\"https:\/\/aromesetsaveurs.ca\/en\/pique-niques\/\"]}]},{\"@type\":\"BreadcrumbList\",\"@id\":\"https:\/\/aromesetsaveurs.ca\/en\/pique-niques\/#breadcrumb\",\"itemListElement\":[{\"@type\":\"ListItem\",\"position\":1,\"name\":\"Home\",\"item\":\"https:\/\/aromesetsaveurs.ca\/en\/\"},{\"@type\":\"ListItem\",\"position\":2,\"name\":\"Pique-niques\"}]},{\"@type\":\"WebSite\",\"@id\":\"https:\/\/aromesetsaveurs.ca\/en\/#website\",\"url\":\"https:\/\/aromesetsaveurs.ca\/en\/\",\"name\":\"Les Jardins de Lavande Ar\u00f4mes et Saveurs\",\"description\":\"Lavande et fines herbes\",\"potentialAction\":[{\"@type\":\"SearchAction\",\"target\":{\"@type\":\"EntryPoint\",\"urlTemplate\":\"https:\/\/aromesetsaveurs.ca\/en\/?s={search_term_string}\"},\"query-input\":{\"@type\":\"PropertyValueSpecification\",\"valueRequired\":true,\"valueName\":\"search_term_string\"}}],\"inLanguage\":\"en-US\"}]}<\/script>\n<!-- \/ Yoast SEO plugin. -->","yoast_head_json":{"title":"Pique-niques - Les Jardins de Lavande Ar\u00f4mes et Saveurs","robots":{"index":"index","follow":"follow","max-snippet":"max-snippet:-1","max-image-preview":"max-image-preview:large","max-video-preview":"max-video-preview:-1"},"canonical":"https:\/\/aromesetsaveurs.ca\/en\/pique-niques\/","og_locale":"en_US","og_type":"article","og_title":"Pique-niques - Les Jardins de Lavande Ar\u00f4mes et Saveurs","og_description":"Pique-nique Champ\u00eatre &nbsp; &nbsp; Un pique-nique dans nos champs de lavande&#8230; Dans un cadre enchanteur et bucolique, profitez d&#8217;une exp\u00e9rience culinaire unique, concoct\u00e9e en collaboration avec l&#8217;Auberge Ma Maison \u00e0 partir de nos produits. Que ce soit pour souligner un anniversaire, un \u00e9v\u00e9nement, passer du temps entre amis, en couple ou en famille, on s&#8217;y [&hellip;]","og_url":"https:\/\/aromesetsaveurs.ca\/en\/pique-niques\/","og_site_name":"Les Jardins de Lavande Ar\u00f4mes et Saveurs","article_modified_time":"2025-06-09T22:20:51+00:00","twitter_card":"summary_large_image","twitter_misc":{"Est. reading time":"1 minute"},"schema":{"@context":"https:\/\/schema.org","@graph":[{"@type":"WebPage","@id":"https:\/\/aromesetsaveurs.ca\/en\/pique-niques\/","url":"https:\/\/aromesetsaveurs.ca\/en\/pique-niques\/","name":"Pique-niques - Les Jardins de Lavande Ar\u00f4mes et Saveurs","isPartOf":{"@id":"https:\/\/aromesetsaveurs.ca\/en\/#website"},"datePublished":"2023-02-23T20:51:41+00:00","dateModified":"2025-06-09T22:20:51+00:00","breadcrumb":{"@id":"https:\/\/aromesetsaveurs.ca\/en\/pique-niques\/#breadcrumb"},"inLanguage":"en-US","potentialAction":[{"@type":"ReadAction","target":["https:\/\/aromesetsaveurs.ca\/en\/pique-niques\/"]}]},{"@type":"BreadcrumbList","@id":"https:\/\/aromesetsaveurs.ca\/en\/pique-niques\/#breadcrumb","itemListElement":[{"@type":"ListItem","position":1,"name":"Home","item":"https:\/\/aromesetsaveurs.ca\/en\/"},{"@type":"ListItem","position":2,"name":"Pique-niques"}]},{"@type":"WebSite","@id":"https:\/\/aromesetsaveurs.ca\/en\/#website","url":"https:\/\/aromesetsaveurs.ca\/en\/","name":"Les Jardins de Lavande Ar\u00f4mes et Saveurs","description":"Lavande et fines herbes","potentialAction":[{"@type":"SearchAction","target":{"@type":"EntryPoint","urlTemplate":"https:\/\/aromesetsaveurs.ca\/en\/?s={search_term_string}"},"query-input":{"@type":"PropertyValueSpecification","valueRequired":true,"valueName":"search_term_string"}}],"inLanguage":"en-US"}]}},"_links":{"self":[{"href":"https:\/\/aromesetsaveurs.ca\/en\/wp-json\/wp\/v2\/pages\/4502","targetHints":{"allow":["GET"]}}],"collection":[{"href":"https:\/\/aromesetsaveurs.ca\/en\/wp-json\/wp\/v2\/pages"}],"about":[{"href":"https:\/\/aromesetsaveurs.ca\/en\/wp-json\/wp\/v2\/types\/page"}],"author":[{"embeddable":true,"href":"https:\/\/aromesetsaveurs.ca\/en\/wp-json\/wp\/v2\/users\/7"}],"replies":[{"embeddable":true,"href":"https:\/\/aromesetsaveurs.ca\/en\/wp-json\/wp\/v2\/comments?post=4502"}],"version-history":[{"count":63,"href":"https:\/\/aromesetsaveurs.ca\/en\/wp-json\/wp\/v2\/pages\/4502\/revisions"}],"predecessor-version":[{"id":6782,"href":"https:\/\/aromesetsaveurs.ca\/en\/wp-json\/wp\/v2\/pages\/4502\/revisions\/6782"}],"wp:attachment":[{"href":"https:\/\/aromesetsaveurs.ca\/en\/wp-json\/wp\/v2\/media?parent=4502"}],"curies":[{"name":"wp","href":"https:\/\/api.w.org\/{rel}","templated":true}]}}