{"id":4270,"date":"2023-01-14T14:23:36","date_gmt":"2023-03-10T16:30:47","guid":{"rendered":"https:\/\/aromesetsaveurs.ca\/?post_type=product&#038;p=4270"},"modified":"2025-05-21T12:46:52","modified_gmt":"2025-05-21T16:46:52","slug":"lavender-picnics","status":"publish","type":"product","link":"https:\/\/aromesetsaveurs.ca\/en\/produit\/lavender-picnics\/","title":{"rendered":"Lavender Picnics"},"content":{"rendered":"\t\t<div data-elementor-type=\"product-post\" data-elementor-id=\"4270\" class=\"elementor elementor-4270 elementor-4097\" data-elementor-post-type=\"product\">\n\t\t\t\t\t\t<section class=\"elementor-section elementor-top-section elementor-element elementor-element-f0730bc elementor-section-boxed elementor-section-height-default elementor-section-height-default\" data-id=\"f0730bc\" data-element_type=\"section\" data-settings=\"{&quot;jet_parallax_layout_list&quot;:[]}\">\n\t\t\t\t\t\t<div class=\"elementor-container elementor-column-gap-default\">\n\t\t\t\t\t<div class=\"elementor-column elementor-col-100 elementor-top-column elementor-element elementor-element-35b3922a\" data-id=\"35b3922a\" data-element_type=\"column\">\n\t\t\t<div class=\"elementor-widget-wrap elementor-element-populated\">\n\t\t\t\t\t\t<div class=\"elementor-element elementor-element-3a43f08f elementor-widget elementor-widget-text-editor\" data-id=\"3a43f08f\" data-element_type=\"widget\" data-widget_type=\"text-editor.default\">\n\t\t\t\t<div class=\"elementor-widget-container\">\n\t\t\t\t\t\t\t\t\t<p>Come picnic in our lavender fields with the magic touch of LES JARDINS.<\/p><p>A unique culinary experience, prepared with our natural honey and fine herbs, grown here on our lavender farm.<br \/>Come together whether to celebrate a birthday, spend time with friends, family and loved ones!<br \/>We offer you the exclusivity of eating on site, outdoors, every Saturday and Sunday, from June 17 2023 to October 9 2023.<\/p><p>Picnics will be served between 11:30 a.m. and 3:30 p.m.<\/p><p>Available by reservation only. Reservations must be made at least 72 hours in advance.<\/p><p>Please notify us for any food allergies and intolerances. We may also offer you a vegetarian version of our menu.<\/p><p>\u00a0<\/p>\t\t\t\t\t\t\t\t<\/div>\n\t\t\t\t<\/div>\n\t\t\t\t<div class=\"elementor-element elementor-element-aa93bcc elementor-widget elementor-widget-text-editor\" data-id=\"aa93bcc\" data-element_type=\"widget\" data-widget_type=\"text-editor.default\">\n\t\t\t\t<div class=\"elementor-widget-container\">\n\t\t\t\t\t\t\t\t\t<p>$46 plus tax, for adults (12 years and older)<br \/>$19 plus tax, for children (11 years and less)<\/p>\t\t\t\t\t\t\t\t<\/div>\n\t\t\t\t<\/div>\n\t\t\t\t\t<\/div>\n\t\t<\/div>\n\t\t\t\t\t<\/div>\n\t\t<\/section>\n\t\t\t\t<\/div>\n\t\t","protected":false},"excerpt":{"rendered":"<p>Venez \u00ab pique-niquer \u00bb dans nos champs de lavande. Offrez-vous un succulent pique-nique cuisin\u00e9 avec nos fines herbes et notre miel butin\u00e9 dans nos champs de lavande.<br \/>\nNous vous offrons l\u2019exclusivit\u00e9 de manger sur place, en plein air, \u00e0 tous les samedis et dimanches, du 17 juin 2023 au 9 octobre 2023.<\/p>\n<p>Sur r\u00e9servation seulement, veuillez r\u00e9server minimum 72 heures \u00e0 l&#8217;avance.<\/p>\n<p>&nbsp;<\/p>\n","protected":false},"featured_media":4058,"template":"","meta":{"_acf_changed":false},"product_brand":[],"product_cat":[105],"product_tag":[107,113,108,109,110,111,114,115,112],"class_list":{"0":"post-4270","1":"product","2":"type-product","3":"status-publish","4":"has-post-thumbnail","6":"product_cat-picnics","7":"product_tag-ateliers-en","8":"product_tag-breuvage-en","9":"product_tag-carte-en","10":"product_tag-carte-cadeau-en","11":"product_tag-gift-en","12":"product_tag-gift-certificate-en","13":"product_tag-miel-en","14":"product_tag-saveurs-en","15":"product_tag-workshop-en","17":"first","18":"instock","19":"virtual","20":"taxable","21":"purchasable","22":"product-type-phive_booking"},"acf":[],"yoast_head":"<!-- This site is optimized with the Yoast SEO plugin v25.0 - https:\/\/yoast.com\/wordpress\/plugins\/seo\/ -->\n<title>Lavender Picnics - Les Jardins de Lavande Ar\u00f4mes et Saveurs<\/title>\n<meta name=\"description\" content=\"In the form of a Reservation, treat yourself to a delicious Picnic. Offered only on Saturdays and Sundays. Please reserve 72 hours in advance.\" \/>\n<meta name=\"robots\" content=\"index, follow, max-snippet:-1, max-image-preview:large, max-video-preview:-1\" \/>\n<link rel=\"canonical\" href=\"https:\/\/aromesetsaveurs.ca\/en\/produit\/lavender-picnics\/\" \/>\n<meta property=\"og:locale\" content=\"en_US\" \/>\n<meta property=\"og:type\" content=\"article\" \/>\n<meta property=\"og:title\" content=\"Pique-nique Champ\u00eatre\" \/>\n<meta property=\"og:description\" content=\"Venez \u00ab pique-niquer \u00bb dans nos champs de lavande avec la touche magique des Jardins.Faites une exp\u00e9rience culinaire unique, cuisin\u00e9 avec nos saveurs.Que ce soit pour souligner un anniversaire, passer du temps entres amis, en amoureux ou en famille!Nous vous offrons l\u2019exclusivit\u00e9 de manger sur place avec notre menu champ\u00eatre, en plein air, \u00e0 tous les samedis et dimanches, du 17 juin 2023 au 9 octobre 2023.Les pique-niques pourront \u00eatre servis entre 11h30 et 15h30!Sur r\u00e9servation seulement, veuillez r\u00e9server minimum 72 heures \u00e0 l&#039;avance.\" \/>\n<meta property=\"og:url\" content=\"https:\/\/aromesetsaveurs.ca\/en\/produit\/lavender-picnics\/\" \/>\n<meta property=\"og:site_name\" content=\"Les Jardins de Lavande Ar\u00f4mes et Saveurs\" \/>\n<meta property=\"article:modified_time\" content=\"2025-05-21T16:46:52+00:00\" \/>\n<meta property=\"og:image\" content=\"https:\/\/aromesetsaveurs.ca\/wp-content\/uploads\/2023\/01\/picnic.jpg\" \/>\n\t<meta property=\"og:image:width\" content=\"960\" \/>\n\t<meta property=\"og:image:height\" content=\"1200\" \/>\n\t<meta property=\"og:image:type\" content=\"image\/jpeg\" \/>\n<meta name=\"twitter:card\" content=\"summary_large_image\" \/>\n<script type=\"application\/ld+json\" class=\"yoast-schema-graph\">{\"@context\":\"https:\/\/schema.org\",\"@graph\":[{\"@type\":\"WebPage\",\"@id\":\"https:\/\/aromesetsaveurs.ca\/en\/produit\/lavender-picnics\/\",\"url\":\"https:\/\/aromesetsaveurs.ca\/en\/produit\/lavender-picnics\/\",\"name\":\"Lavender Picnics - Les Jardins de Lavande Ar\u00f4mes et Saveurs\",\"isPartOf\":{\"@id\":\"https:\/\/aromesetsaveurs.ca\/en\/#website\"},\"primaryImageOfPage\":{\"@id\":\"https:\/\/aromesetsaveurs.ca\/en\/produit\/lavender-picnics\/#primaryimage\"},\"image\":{\"@id\":\"https:\/\/aromesetsaveurs.ca\/en\/produit\/lavender-picnics\/#primaryimage\"},\"thumbnailUrl\":\"https:\/\/aromesetsaveurs.ca\/wp-content\/uploads\/2023\/01\/IMG_0249.jpg\",\"datePublished\":\"2023-03-10T16:30:47+00:00\",\"dateModified\":\"2025-05-21T16:46:52+00:00\",\"description\":\"In the form of a Reservation, treat yourself to a delicious Picnic. Offered only on Saturdays and Sundays. Please reserve 72 hours in advance.\",\"breadcrumb\":{\"@id\":\"https:\/\/aromesetsaveurs.ca\/en\/produit\/lavender-picnics\/#breadcrumb\"},\"inLanguage\":\"en-US\",\"potentialAction\":[{\"@type\":\"ReadAction\",\"target\":[\"https:\/\/aromesetsaveurs.ca\/en\/produit\/lavender-picnics\/\"]}]},{\"@type\":\"ImageObject\",\"inLanguage\":\"en-US\",\"@id\":\"https:\/\/aromesetsaveurs.ca\/en\/produit\/lavender-picnics\/#primaryimage\",\"url\":\"https:\/\/aromesetsaveurs.ca\/wp-content\/uploads\/2023\/01\/IMG_0249.jpg\",\"contentUrl\":\"https:\/\/aromesetsaveurs.ca\/wp-content\/uploads\/2023\/01\/IMG_0249.jpg\",\"width\":1440,\"height\":988},{\"@type\":\"BreadcrumbList\",\"@id\":\"https:\/\/aromesetsaveurs.ca\/en\/produit\/lavender-picnics\/#breadcrumb\",\"itemListElement\":[{\"@type\":\"ListItem\",\"position\":1,\"name\":\"Home\",\"item\":\"https:\/\/aromesetsaveurs.ca\/en\/\"},{\"@type\":\"ListItem\",\"position\":2,\"name\":\"Shop\",\"item\":\"https:\/\/aromesetsaveurs.ca\/en\/shop\/\"},{\"@type\":\"ListItem\",\"position\":3,\"name\":\"Lavender Picnics\"}]},{\"@type\":\"WebSite\",\"@id\":\"https:\/\/aromesetsaveurs.ca\/en\/#website\",\"url\":\"https:\/\/aromesetsaveurs.ca\/en\/\",\"name\":\"Les Jardins de Lavande Ar\u00f4mes et Saveurs\",\"description\":\"Lavande et fines herbes\",\"potentialAction\":[{\"@type\":\"SearchAction\",\"target\":{\"@type\":\"EntryPoint\",\"urlTemplate\":\"https:\/\/aromesetsaveurs.ca\/en\/?s={search_term_string}\"},\"query-input\":{\"@type\":\"PropertyValueSpecification\",\"valueRequired\":true,\"valueName\":\"search_term_string\"}}],\"inLanguage\":\"en-US\"}]}<\/script>\n<!-- \/ Yoast SEO plugin. -->","yoast_head_json":{"title":"Lavender Picnics - Les Jardins de Lavande Ar\u00f4mes et Saveurs","description":"In the form of a Reservation, treat yourself to a delicious Picnic. Offered only on Saturdays and Sundays. Please reserve 72 hours in advance.","robots":{"index":"index","follow":"follow","max-snippet":"max-snippet:-1","max-image-preview":"max-image-preview:large","max-video-preview":"max-video-preview:-1"},"canonical":"https:\/\/aromesetsaveurs.ca\/en\/produit\/lavender-picnics\/","og_locale":"en_US","og_type":"article","og_title":"Pique-nique Champ\u00eatre","og_description":"Venez \u00ab pique-niquer \u00bb dans nos champs de lavande avec la touche magique des Jardins.Faites une exp\u00e9rience culinaire unique, cuisin\u00e9 avec nos saveurs.Que ce soit pour souligner un anniversaire, passer du temps entres amis, en amoureux ou en famille!Nous vous offrons l\u2019exclusivit\u00e9 de manger sur place avec notre menu champ\u00eatre, en plein air, \u00e0 tous les samedis et dimanches, du 17 juin 2023 au 9 octobre 2023.Les pique-niques pourront \u00eatre servis entre 11h30 et 15h30!Sur r\u00e9servation seulement, veuillez r\u00e9server minimum 72 heures \u00e0 l'avance.","og_url":"https:\/\/aromesetsaveurs.ca\/en\/produit\/lavender-picnics\/","og_site_name":"Les Jardins de Lavande Ar\u00f4mes et Saveurs","article_modified_time":"2025-05-21T16:46:52+00:00","og_image":[{"width":960,"height":1200,"url":"https:\/\/aromesetsaveurs.ca\/wp-content\/uploads\/2023\/01\/picnic.jpg","type":"image\/jpeg"}],"twitter_card":"summary_large_image","schema":{"@context":"https:\/\/schema.org","@graph":[{"@type":"WebPage","@id":"https:\/\/aromesetsaveurs.ca\/en\/produit\/lavender-picnics\/","url":"https:\/\/aromesetsaveurs.ca\/en\/produit\/lavender-picnics\/","name":"Lavender Picnics - Les Jardins de Lavande Ar\u00f4mes et Saveurs","isPartOf":{"@id":"https:\/\/aromesetsaveurs.ca\/en\/#website"},"primaryImageOfPage":{"@id":"https:\/\/aromesetsaveurs.ca\/en\/produit\/lavender-picnics\/#primaryimage"},"image":{"@id":"https:\/\/aromesetsaveurs.ca\/en\/produit\/lavender-picnics\/#primaryimage"},"thumbnailUrl":"https:\/\/aromesetsaveurs.ca\/wp-content\/uploads\/2023\/01\/IMG_0249.jpg","datePublished":"2023-03-10T16:30:47+00:00","dateModified":"2025-05-21T16:46:52+00:00","description":"In the form of a Reservation, treat yourself to a delicious Picnic. Offered only on Saturdays and Sundays. Please reserve 72 hours in advance.","breadcrumb":{"@id":"https:\/\/aromesetsaveurs.ca\/en\/produit\/lavender-picnics\/#breadcrumb"},"inLanguage":"en-US","potentialAction":[{"@type":"ReadAction","target":["https:\/\/aromesetsaveurs.ca\/en\/produit\/lavender-picnics\/"]}]},{"@type":"ImageObject","inLanguage":"en-US","@id":"https:\/\/aromesetsaveurs.ca\/en\/produit\/lavender-picnics\/#primaryimage","url":"https:\/\/aromesetsaveurs.ca\/wp-content\/uploads\/2023\/01\/IMG_0249.jpg","contentUrl":"https:\/\/aromesetsaveurs.ca\/wp-content\/uploads\/2023\/01\/IMG_0249.jpg","width":1440,"height":988},{"@type":"BreadcrumbList","@id":"https:\/\/aromesetsaveurs.ca\/en\/produit\/lavender-picnics\/#breadcrumb","itemListElement":[{"@type":"ListItem","position":1,"name":"Home","item":"https:\/\/aromesetsaveurs.ca\/en\/"},{"@type":"ListItem","position":2,"name":"Shop","item":"https:\/\/aromesetsaveurs.ca\/en\/shop\/"},{"@type":"ListItem","position":3,"name":"Lavender Picnics"}]},{"@type":"WebSite","@id":"https:\/\/aromesetsaveurs.ca\/en\/#website","url":"https:\/\/aromesetsaveurs.ca\/en\/","name":"Les Jardins de Lavande Ar\u00f4mes et Saveurs","description":"Lavande et fines herbes","potentialAction":[{"@type":"SearchAction","target":{"@type":"EntryPoint","urlTemplate":"https:\/\/aromesetsaveurs.ca\/en\/?s={search_term_string}"},"query-input":{"@type":"PropertyValueSpecification","valueRequired":true,"valueName":"search_term_string"}}],"inLanguage":"en-US"}]}},"_links":{"self":[{"href":"https:\/\/aromesetsaveurs.ca\/en\/wp-json\/wp\/v2\/product\/4270","targetHints":{"allow":["GET"]}}],"collection":[{"href":"https:\/\/aromesetsaveurs.ca\/en\/wp-json\/wp\/v2\/product"}],"about":[{"href":"https:\/\/aromesetsaveurs.ca\/en\/wp-json\/wp\/v2\/types\/product"}],"version-history":[{"count":10,"href":"https:\/\/aromesetsaveurs.ca\/en\/wp-json\/wp\/v2\/product\/4270\/revisions"}],"predecessor-version":[{"id":6726,"href":"https:\/\/aromesetsaveurs.ca\/en\/wp-json\/wp\/v2\/product\/4270\/revisions\/6726"}],"wp:featuredmedia":[{"embeddable":true,"href":"https:\/\/aromesetsaveurs.ca\/en\/wp-json\/wp\/v2\/media\/4058"}],"wp:attachment":[{"href":"https:\/\/aromesetsaveurs.ca\/en\/wp-json\/wp\/v2\/media?parent=4270"}],"wp:term":[{"taxonomy":"product_brand","embeddable":true,"href":"https:\/\/aromesetsaveurs.ca\/en\/wp-json\/wp\/v2\/product_brand?post=4270"},{"taxonomy":"product_cat","embeddable":true,"href":"https:\/\/aromesetsaveurs.ca\/en\/wp-json\/wp\/v2\/product_cat?post=4270"},{"taxonomy":"product_tag","embeddable":true,"href":"https:\/\/aromesetsaveurs.ca\/en\/wp-json\/wp\/v2\/product_tag?post=4270"}],"curies":[{"name":"wp","href":"https:\/\/api.w.org\/{rel}","templated":true}]}}